{"id":3683,"date":"2024-12-11T16:19:02","date_gmt":"2024-12-11T13:19:02","guid":{"rendered":"https:\/\/no1q.es\/services\/aesthetic-medicine-services\/aumento-de-labios\/"},"modified":"2025-04-08T14:21:45","modified_gmt":"2025-04-08T11:21:45","slug":"lip-augmentation","status":"publish","type":"page","link":"https:\/\/no1q.es\/en\/services\/aesthetic-medicine-services\/lip-augmentation\/","title":{"rendered":"Lip Augmentation"},"content":{"rendered":"<section class=\"l-section wpb_row height_auto\" id=\"service-desc\"><div class=\"l-section-h i-cf\"><div class=\"g-cols vc_row via_grid cols_1 laptops-cols_inherit tablets-cols_inherit mobiles-cols_1 valign_top type_default stacking_default\"><div class=\"wpb_column vc_column_container\"><div class=\"vc_column-inner\"><div class=\"wpb_text_column with_collapsible_content\" data-content-height=\"180px\"><div class=\"wpb_wrapper\"><h2 class=\"\" data-start=\"352\" data-end=\"399\">Lip Augmentation in Marbella Puerto Ban\u00fas \ud83d\udc8b<\/h2>\n<p class=\"\" data-start=\"401\" data-end=\"727\">Welcome to <strong data-start=\"412\" data-end=\"437\">No1q Cl\u00ednica Est\u00e9tica<\/strong>, your trusted destination for <strong data-start=\"468\" data-end=\"488\">lip augmentation<\/strong> in the luxurious setting of <strong data-start=\"517\" data-end=\"542\">Marbella Puerto Ban\u00fas<\/strong>, Spain \ud83c\uddea\ud83c\uddf8. If you\u2019ve been dreaming of fuller, more defined, and youthful-looking lips, our expert team is here to help you achieve natural elegance with precision, safety, and style.<\/p>\n<hr class=\"\" data-start=\"729\" data-end=\"732\" \/>\n<h3 class=\"\" data-start=\"734\" data-end=\"766\">What Is Lip Augmentation? \ud83d\udc89<\/h3>\n<p class=\"\" data-start=\"768\" data-end=\"1056\"><strong data-start=\"768\" data-end=\"788\">Lip augmentation<\/strong> is a non-surgical aesthetic treatment designed to enhance the size, shape, symmetry, and hydration of the lips. It is most commonly performed using<strong data-start=\"937\" data-end=\"976\">\u00a0(HA) dermal fillers<\/strong>, a substance naturally found in the skin that helps retain moisture and volume.<\/p>\n<p class=\"\" data-start=\"1058\" data-end=\"1389\">As we age, our lips tend to lose definition, volume, and elasticity. This leads to thinner lips, loss of contour, and the appearance of fine lines around the mouth. <strong data-start=\"1223\" data-end=\"1238\">Lip fillers<\/strong> help reverse these signs of aging by restoring fullness, redefining the borders, and smoothing out wrinkles \u2014 all while maintaining a natural look \ud83d\udc84.<\/p>\n<p class=\"\" data-start=\"1391\" data-end=\"1552\">Whether you\u2019re aiming for a subtle enhancement or a more defined pout, <strong data-start=\"1462\" data-end=\"1482\">lip augmentation<\/strong> can be tailored to your individual facial structure and beauty goals.<\/p>\n<hr class=\"\" data-start=\"1554\" data-end=\"1557\" \/>\n<h3 class=\"\" data-start=\"1559\" data-end=\"1597\">Who Is Lip Augmentation For? \ud83d\udc81\u200d\u2640\ufe0f<\/h3>\n<p class=\"\" data-start=\"1599\" data-end=\"1660\">Lip augmentation is ideal for both women and men who wish to:<\/p>\n<ul data-start=\"1662\" data-end=\"1914\">\n<li class=\"\" data-start=\"1662\" data-end=\"1691\">\n<p class=\"\" data-start=\"1664\" data-end=\"1691\">Enhance naturally thin lips<\/p>\n<\/li>\n<li class=\"\" data-start=\"1692\" data-end=\"1726\">\n<p class=\"\" data-start=\"1694\" data-end=\"1726\">Restore volume lost due to aging<\/p>\n<\/li>\n<li class=\"\" data-start=\"1727\" data-end=\"1774\">\n<p class=\"\" data-start=\"1729\" data-end=\"1774\">Improve symmetry between upper and lower lips<\/p>\n<\/li>\n<li class=\"\" data-start=\"1775\" data-end=\"1815\">\n<p class=\"\" data-start=\"1777\" data-end=\"1815\">Define the lip contour and cupid\u2019s bow<\/p>\n<\/li>\n<li class=\"\" data-start=\"1816\" data-end=\"1872\">\n<p class=\"\" data-start=\"1818\" data-end=\"1872\">Reduce vertical lines around the lips (smoker\u2019s lines)<\/p>\n<\/li>\n<li class=\"\" data-start=\"1873\" data-end=\"1914\">\n<p class=\"\" data-start=\"1875\" data-end=\"1914\">Achieve a hydrated, youthful appearance<\/p>\n<\/li>\n<\/ul>\n<p class=\"\" data-start=\"1916\" data-end=\"2048\">It\u2019s a popular choice for both younger clients seeking fuller lips and mature clients looking to rejuvenate their facial appearance.<\/p>\n<hr class=\"\" data-start=\"2050\" data-end=\"2053\" \/>\n<h3 class=\"\" data-start=\"2055\" data-end=\"2111\">Why Choose No1q for Lip Augmentation in Marbella? \ud83c\udf1f<\/h3>\n<p class=\"\" data-start=\"2113\" data-end=\"2417\">At <strong data-start=\"2116\" data-end=\"2141\">No1q Cl\u00ednica Est\u00e9tica<\/strong>, we specialize in <strong data-start=\"2160\" data-end=\"2197\">personalized aesthetic treatments<\/strong> that highlight your natural features. Our clinic, located in the prestigious <strong data-start=\"2275\" data-end=\"2291\">Puerto Ban\u00fas<\/strong> area of <strong data-start=\"2300\" data-end=\"2312\">Marbella<\/strong>, offers a discreet, modern, and professional environment where your comfort and satisfaction come first.<\/p>\n<p class=\"\" data-start=\"2419\" data-end=\"2479\">Here\u2019s why clients choose us for their <strong data-start=\"2458\" data-end=\"2472\">lip filler<\/strong> needs:<\/p>\n<ul data-start=\"2481\" data-end=\"2883\">\n<li class=\"\" data-start=\"2481\" data-end=\"2571\">\n<p class=\"\" data-start=\"2483\" data-end=\"2571\">\ud83e\uddd1\u200d\u2695\ufe0f <strong data-start=\"2489\" data-end=\"2528\">Experienced aesthetic professionals<\/strong> trained in advanced injection techniques<\/p>\n<\/li>\n<li class=\"\" data-start=\"2572\" data-end=\"2640\">\n<p class=\"\" data-start=\"2574\" data-end=\"2640\">\ud83d\udc89 Use of premium-quality, CE-marked <strong data-start=\"2611\" data-end=\"2638\">(HA) fillers<\/strong><\/p>\n<\/li>\n<li class=\"\" data-start=\"2641\" data-end=\"2727\">\n<p class=\"\" data-start=\"2643\" data-end=\"2727\">\u270d\ufe0f <strong data-start=\"2646\" data-end=\"2676\">Customized treatment plans<\/strong> based on facial proportions and personal desires<\/p>\n<\/li>\n<li class=\"\" data-start=\"2728\" data-end=\"2789\">\n<p class=\"\" data-start=\"2730\" data-end=\"2789\">\u2696\ufe0f Focus on balance, harmony, and natural-looking results<\/p>\n<\/li>\n<li class=\"\" data-start=\"2790\" data-end=\"2883\">\n<p class=\"\" data-start=\"2792\" data-end=\"2883\">\ud83c\udfdd\ufe0f Exclusive location in Marbella Puerto Ban\u00fas \u2013 the heart of Costa del Sol beauty culture<\/p>\n<\/li>\n<\/ul>\n<p class=\"\" data-start=\"2885\" data-end=\"3029\">We don\u2019t believe in one-size-fits-all lips. Each treatment is uniquely designed to enhance your features while preserving your individuality \ud83d\udc96.<\/p>\n<hr class=\"\" data-start=\"3031\" data-end=\"3034\" \/>\n<h3 class=\"\" data-start=\"3036\" data-end=\"3089\">The Lip Augmentation Procedure: What to Expect \ud83d\udd52<\/h3>\n<ol data-start=\"3091\" data-end=\"3728\">\n<li class=\"\" data-start=\"3091\" data-end=\"3250\">\n<p class=\"\" data-start=\"3094\" data-end=\"3250\"><strong data-start=\"3094\" data-end=\"3110\">Consultation<\/strong>: During your initial visit, we\u2019ll discuss your goals, analyze your facial structure, and determine the best filler type and amount for you.<\/p>\n<\/li>\n<li class=\"\" data-start=\"3251\" data-end=\"3360\">\n<p class=\"\" data-start=\"3254\" data-end=\"3360\"><strong data-start=\"3254\" data-end=\"3269\">Preparation<\/strong>: A topical numbing cream is applied for your comfort. The treatment is virtually painless.<\/p>\n<\/li>\n<li class=\"\" data-start=\"3361\" data-end=\"3500\">\n<p class=\"\" data-start=\"3364\" data-end=\"3500\"><strong data-start=\"3364\" data-end=\"3377\">Injection<\/strong>: The filler is carefully injected into targeted areas of the lips, such as the vermilion border, cupid\u2019s bow, or lip body.<\/p>\n<\/li>\n<li class=\"\" data-start=\"3501\" data-end=\"3600\">\n<p class=\"\" data-start=\"3504\" data-end=\"3600\"><strong data-start=\"3504\" data-end=\"3515\">Results<\/strong>: Immediate! You\u2019ll leave the clinic with beautifully enhanced, natural-looking lips.<\/p>\n<\/li>\n<li class=\"\" data-start=\"3601\" data-end=\"3728\">\n<p class=\"\" data-start=\"3604\" data-end=\"3728\"><strong data-start=\"3604\" data-end=\"3617\">Aftercare<\/strong>: Minor swelling or bruising may occur, but this typically resolves within a few days. No downtime is required.<\/p>\n<\/li>\n<\/ol>\n<p class=\"\" data-start=\"3730\" data-end=\"3826\">The results usually last between <strong data-start=\"3763\" data-end=\"3781\">6 to 12 months<\/strong>, depending on your metabolism and lifestyle.<\/p>\n<hr class=\"\" data-start=\"3828\" data-end=\"3831\" \/>\n<h3 class=\"\" data-start=\"3833\" data-end=\"3868\">Benefits of Lip Augmentation \ud83d\udc8e<\/h3>\n<ul data-start=\"3870\" data-end=\"4172\">\n<li class=\"\" data-start=\"3870\" data-end=\"3921\">\n<p class=\"\" data-start=\"3872\" data-end=\"3921\">\ud83d\udc8b <strong data-start=\"3875\" data-end=\"3899\">Plumper, fuller lips<\/strong> with natural volume<\/p>\n<\/li>\n<li class=\"\" data-start=\"3922\" data-end=\"3965\">\n<p class=\"\" data-start=\"3924\" data-end=\"3965\">\ud83d\udc44 <strong data-start=\"3927\" data-end=\"3948\">Enhanced symmetry<\/strong> and definition<\/p>\n<\/li>\n<li class=\"\" data-start=\"3966\" data-end=\"4005\">\n<p class=\"\" data-start=\"3968\" data-end=\"4005\">\ud83d\udca7 <strong data-start=\"3971\" data-end=\"4003\">Hydrated, smooth lip texture<\/strong><\/p>\n<\/li>\n<li class=\"\" data-start=\"4006\" data-end=\"4065\">\n<p class=\"\" data-start=\"4008\" data-end=\"4065\">\ud83e\uddec Safe, biodegradable product based on (HA)<\/p>\n<\/li>\n<li class=\"\" data-start=\"4066\" data-end=\"4134\">\n<p class=\"\" data-start=\"4068\" data-end=\"4134\">\ud83d\udd4a\ufe0f <strong data-start=\"4072\" data-end=\"4094\">Minimally invasive<\/strong> with no surgery or long recovery time<\/p>\n<\/li>\n<li class=\"\" data-start=\"4135\" data-end=\"4172\">\n<p class=\"\" data-start=\"4137\" data-end=\"4172\">\ud83d\udd04 Reversible treatment if needed<\/p>\n<\/li>\n<\/ul>\n<p class=\"\" data-start=\"4174\" data-end=\"4297\">Lip fillers offer a gentle and effective solution for anyone seeking a youthful, refreshed, and balanced facial appearance.<\/p>\n<hr class=\"\" data-start=\"4299\" data-end=\"4302\" \/>\n<h3 class=\"\" data-start=\"4304\" data-end=\"4347\">Lip Fillers in Marbella for Tourists \ud83c\udf0d<\/h3>\n<p class=\"\" data-start=\"4349\" data-end=\"4579\">Visiting Marbella or Puerto Ban\u00fas on holiday? Many international clients book <strong data-start=\"4427\" data-end=\"4458\">lip augmentation treatments<\/strong> with us during their stay. The procedure is quick, safe, and perfect for fitting into your beauty &amp; wellness getaway \ud83c\udf1e.<\/p>\n<h2 class=\"\" data-start=\"325\" data-end=\"365\">Explore More Beauty Options at No1q \u2728<\/h2>\n<p class=\"\" data-start=\"367\" data-end=\"749\">At <strong data-start=\"370\" data-end=\"395\">No1q Cl\u00ednica Est\u00e9tica<\/strong>, your journey to confidence and natural beauty doesn\u2019t stop with <strong data-start=\"461\" data-end=\"481\">lip augmentation<\/strong> \ud83d\udc84. We invite you to discover a full range of advanced <strong data-start=\"537\" data-end=\"630\"><a class=\"\" href=\"https:\/\/no1q.es\/en\/services\/aesthetic-medicine-services\/\" target=\"_new\" rel=\"noopener\" data-start=\"539\" data-end=\"628\">aesthetic medicine treatments<\/a><\/strong>, from facial rejuvenation to body contouring \u2014 all performed with the same care, precision, and dedication to results.<\/p>\n<p class=\"\" data-start=\"751\" data-end=\"912\">\ud83c\udf1f Don\u2019t miss our <strong data-start=\"769\" data-end=\"825\"><a class=\"\" href=\"https:\/\/no1q.es\/en\/special-offers\/\" target=\"_new\" rel=\"noopener\" data-start=\"771\" data-end=\"823\">Special Offers<\/a><\/strong> \u2014 exclusive deals on selected treatments that make beauty more accessible than ever!<\/p>\n<p class=\"\" data-start=\"914\" data-end=\"1126\">\ud83d\udccdWant to talk to a specialist or ask a question? We\u2019re here for you. Feel free to <strong data-start=\"997\" data-end=\"1052\"><a class=\"\" href=\"https:\/\/no1q.es\/en\/contacts\/\" target=\"_new\" rel=\"noopener\" data-start=\"999\" data-end=\"1050\">contact us directly<\/a><\/strong> to schedule your personalized consultation in Marbella Puerto Ban\u00fas \ud83c\uddea\ud83c\uddf8.<\/p>\n<h2 class=\"\" data-start=\"1133\" data-end=\"1178\">Trusted Resources in Aesthetic Medicine \ud83e\uddec<\/h2>\n<p class=\"\" data-start=\"1180\" data-end=\"1316\">If you\u2019re curious to learn more about <strong data-start=\"1218\" data-end=\"1233\">lip fillers<\/strong> and aesthetic procedures in general, we recommend these reliable external sources:<\/p>\n<ul data-start=\"1318\" data-end=\"1623\">\n<li class=\"\" data-start=\"1540\" data-end=\"1623\">\n<p class=\"\" data-start=\"1542\" data-end=\"1623\">\ud83d\udd2c <a class=\"\" href=\"https:\/\/pubmed.ncbi.nlm.nih.gov\/\" target=\"_new\" rel=\"noopener\" data-start=\"1545\" data-end=\"1623\">PubMed \u2013 Safety and Efficacy of HA Fillers<\/a><\/p>\n<\/li>\n<\/ul>\n<\/div><div class=\"toggle-links align_none\"><button class=\"collapsible-content-more\">Show More<\/button><button class=\"collapsible-content-less\">Show Less<\/button><\/div><\/div><\/div><\/div><\/div><\/div><\/section><section class=\"l-section wpb_row us_custom_435c636a height_medium\" id=\"portfolio\"><div class=\"l-section-h i-cf\"><div class=\"g-cols vc_row via_grid cols_1 laptops-cols_inherit tablets-cols_inherit mobiles-cols_1 valign_top type_default stacking_default\"><div class=\"wpb_column vc_column_container\"><div class=\"vc_column-inner\"><div class=\"w-slider style_none fit_contain nav_dots count_10\"><div class=\"w-slider-h\" aria-hidden=\"true\"><div class=\"royalSlider\"><div class=\"rsContent\"><a class=\"rsImg\" data-rsw=\"1170\" data-rsh=\"1682\" href=\"https:\/\/no1q.es\/wp-content\/uploads\/Lips-4.jpeg\"><span data-alt=\"\"><\/span><\/a><div class=\"rsABlock\" data-fadeEffect=\"false\" data-moveEffect=\"none\"><div class=\"w-slider-item-title\">Lips<\/div><\/div><\/div><div class=\"rsContent\"><a class=\"rsImg\" data-rsw=\"1131\" data-rsh=\"2000\" href=\"https:\/\/no1q.es\/wp-content\/uploads\/Lips-6.jpeg\"><span data-alt=\"\"><\/span><\/a><div class=\"rsABlock\" data-fadeEffect=\"false\" data-moveEffect=\"none\"><div class=\"w-slider-item-title\">Lips<\/div><\/div><\/div><div class=\"rsContent\"><a class=\"rsImg\" data-rsw=\"1170\" data-rsh=\"1146\" href=\"https:\/\/no1q.es\/wp-content\/uploads\/Lips-7.jpeg\"><span data-alt=\"\"><\/span><\/a><div class=\"rsABlock\" data-fadeEffect=\"false\" data-moveEffect=\"none\"><div class=\"w-slider-item-title\">Lips<\/div><\/div><\/div><div class=\"rsContent\"><a class=\"rsImg\" data-rsw=\"1170\" data-rsh=\"1292\" href=\"https:\/\/no1q.es\/wp-content\/uploads\/Lips-9.jpeg\"><span data-alt=\"\"><\/span><\/a><div class=\"rsABlock\" data-fadeEffect=\"false\" data-moveEffect=\"none\"><div class=\"w-slider-item-title\">Lips<\/div><\/div><\/div><div class=\"rsContent\"><a class=\"rsImg\" data-rsw=\"965\" data-rsh=\"1047\" href=\"https:\/\/no1q.es\/wp-content\/uploads\/labios-6.jpg\"><span data-alt=\"\"><\/span><\/a><div class=\"rsABlock\" data-fadeEffect=\"false\" data-moveEffect=\"none\"><div class=\"w-slider-item-title\">labios 6<\/div><\/div><\/div><div class=\"rsContent\"><a class=\"rsImg\" data-rsw=\"1168\" data-rsh=\"720\" href=\"https:\/\/no1q.es\/wp-content\/uploads\/labios-5-1.jpg\"><span data-alt=\"\"><\/span><\/a><div class=\"rsABlock\" data-fadeEffect=\"false\" data-moveEffect=\"none\"><div class=\"w-slider-item-title\">created by photogrid<\/div><\/div><\/div><div class=\"rsContent\"><a class=\"rsImg\" data-rsw=\"1170\" data-rsh=\"1071\" href=\"https:\/\/no1q.es\/wp-content\/uploads\/labios-4-1.jpg\"><span data-alt=\"\"><\/span><\/a><div class=\"rsABlock\" data-fadeEffect=\"false\" data-moveEffect=\"none\"><div class=\"w-slider-item-title\">labios 4<\/div><\/div><\/div><div class=\"rsContent\"><a class=\"rsImg\" data-rsw=\"1001\" data-rsh=\"1115\" href=\"https:\/\/no1q.es\/wp-content\/uploads\/labios-2-1.jpg\"><span data-alt=\"\"><\/span><\/a><div class=\"rsABlock\" data-fadeEffect=\"false\" data-moveEffect=\"none\"><div class=\"w-slider-item-title\">labios 2<\/div><\/div><\/div><div class=\"rsContent\"><a class=\"rsImg\" data-rsw=\"1170\" data-rsh=\"1101\" href=\"https:\/\/no1q.es\/wp-content\/uploads\/labios-1.jpg\"><span data-alt=\"\"><\/span><\/a><div class=\"rsABlock\" data-fadeEffect=\"false\" data-moveEffect=\"none\"><div class=\"w-slider-item-title\">labios 1<\/div><\/div><\/div><div class=\"rsContent\"><a class=\"rsImg\" data-rsw=\"1170\" data-rsh=\"894\" href=\"https:\/\/no1q.es\/wp-content\/uploads\/labios-3-1.jpg\"><span data-alt=\"\"><\/span><\/a><div class=\"rsABlock\" data-fadeEffect=\"false\" data-moveEffect=\"none\"><div class=\"w-slider-item-title\">labios 3<\/div><\/div><\/div><\/div><img decoding=\"async\" src=\"https:\/\/no1q.es\/wp-content\/uploads\/Lips-4.jpeg\" width=\"1170\" height=\"1682\" alt loading=\"lazy\"><\/div><div class=\"w-slider-json\" onclick='return {&quot;autoScaleSlider&quot;:true,&quot;addActiveClass&quot;:true,&quot;loop&quot;:true,&quot;fadeInLoadedSlide&quot;:false,&quot;slidesSpacing&quot;:0,&quot;imageScalePadding&quot;:0,&quot;numImagesToPreload&quot;:2,&quot;arrowsNav&quot;:true,&quot;arrowsNavAutoHide&quot;:false,&quot;transitionType&quot;:&quot;move&quot;,&quot;transitionSpeed&quot;:250,&quot;block&quot;:{&quot;moveEffect&quot;:&quot;none&quot;,&quot;speed&quot;:300},&quot;thumbs&quot;:{&quot;fitInViewport&quot;:false,&quot;firstMargin&quot;:false,&quot;spacing&quot;:4},&quot;controlNavigation&quot;:&quot;bullets&quot;,&quot;autoplay&quot;:{&quot;enabled&quot;:true,&quot;pauseOnHover&quot;:true,&quot;delay&quot;:2000},&quot;autoScaleSliderWidth&quot;:1170,&quot;autoScaleSliderHeight&quot;:1682}'><\/div><\/div><\/div><\/div><\/div><\/div><\/section><section class=\"l-section wpb_row height_medium\"><div class=\"l-section-h i-cf\"><div class=\"g-cols vc_row via_grid cols_1 laptops-cols_inherit tablets-cols_inherit mobiles-cols_1 valign_top type_default stacking_default\"><div class=\"wpb_column vc_column_container\"><div class=\"vc_column-inner\">[vc_raw_html]JTNDJTIxLS0lMjBFbGZzaWdodCUyMEdvb2dsZSUyMFJldmlld3MlMjAlN0MlMjBObzFxJTIwR29vZ2xlJTIwcmV2aWV3cyUyMC0tJTNFJTBEJTBBJTNDc2NyaXB0JTIwc3JjJTNEJTIyaHR0cHMlM0ElMkYlMkZzdGF0aWMuZWxmc2lnaHQuY29tJTJGcGxhdGZvcm0lMkZwbGF0Zm9ybS5qcyUyMiUyMGFzeW5jJTNFJTNDJTJGc2NyaXB0JTNFJTBEJTBBJTNDZGl2JTIwY2xhc3MlM0QlMjJlbGZzaWdodC1hcHAtZDJkMGQxNDgtY2VjYi00YmJkLTg0OTUtNGJlMmRjNTQwNGU5JTIyJTIwZGF0YS1lbGZzaWdodC1hcHAtbGF6eSUzRSUzQyUyRmRpdiUzRQ==[\/vc_raw_html]<\/div><\/div><\/div><\/div><\/section><section class=\"l-section wpb_row height_medium\"><div class=\"l-section-h i-cf\"><div class=\"g-cols vc_row via_grid cols_1 laptops-cols_inherit tablets-cols_inherit mobiles-cols_1 valign_top type_default stacking_default\"><div class=\"wpb_column vc_column_container\"><div class=\"vc_column-inner\">[vc_raw_html]JTNDJTIxLS0lMjBFbGZzaWdodCUyMFNvY2lhbCUyMEZlZWQlMjAlN0MlMjBVbnRpdGxlZCUyMFNvY2lhbCUyMEZlZWQlMjAtLSUzRSUwRCUwQSUzQ3NjcmlwdCUyMHNyYyUzRCUyMmh0dHBzJTNBJTJGJTJGc3RhdGljLmVsZnNpZ2h0LmNvbSUyRnBsYXRmb3JtJTJGcGxhdGZvcm0uanMlMjIlMjBhc3luYyUzRSUzQyUyRnNjcmlwdCUzRSUwRCUwQSUzQ2RpdiUyMGNsYXNzJTNEJTIyZWxmc2lnaHQtYXBwLTAyMGI4MzE2LTcwZTMtNDAwNy1hNzY3LTU5NGM5NDcxZDE3YSUyMiUyMGRhdGEtZWxmc2lnaHQtYXBwLWxhenklM0UlM0MlMkZkaXYlM0U=[\/vc_raw_html]<\/div><\/div><\/div><\/div><\/section><section class=\"l-section wpb_row height_auto\" id=\"reserva-pricing\"><div class=\"l-section-h i-cf\"><div class=\"g-cols vc_row via_grid cols_1 laptops-cols_inherit tablets-cols_inherit mobiles-cols_1 valign_top type_default stacking_default\"><div class=\"wpb_column vc_column_container\"><div class=\"vc_column-inner\">[vc_raw_html el_id=&#8221;kainu-lentele-su-booking&#8221;]JTVCdGFibGUlMjBpZCUzRDEzNyUyMCUyRiU1RA==[\/vc_raw_html]<\/div><\/div><\/div><\/div><\/section><section class=\"l-section wpb_row height_auto\" id=\"reserva-block\"><div class=\"l-section-h i-cf\"><div class=\"g-cols vc_row via_grid cols_1 laptops-cols_inherit tablets-cols_inherit mobiles-cols_1 valign_top type_default stacking_default\"><div class=\"wpb_column vc_column_container\"><div class=\"vc_column-inner\"><div class=\"wpb_text_column\"><div class=\"wpb_wrapper\"><h3 class=\"\" data-start=\"4586\" data-end=\"4624\">Book Your Lip Augmentation Today \u2728<\/h3>\n<p class=\"\" data-start=\"4626\" data-end=\"4851\">Ready to embrace your perfect lips? \ud83d\udc8b Discover the confidence that comes from beautifully enhanced lips at <strong data-start=\"4734\" data-end=\"4759\">No1q Cl\u00ednica Est\u00e9tica<\/strong>, Marbella Puerto Ban\u00fas. Our team is ready to help you feel empowered, elegant, and radiant.<\/p>\n<p class=\"\" data-start=\"4853\" data-end=\"5003\">\ud83d\udcf2 <strong data-start=\"4856\" data-end=\"4876\">Contact us today<\/strong> to schedule your consultation and take the first step toward your beauty goals. Your ideal lips are just one appointment away!<\/p>\n<\/div><\/div><\/div><\/div><\/div><\/div><\/section><section class=\"l-section wpb_row height_medium\" id=\"register-form\"><div class=\"l-section-h i-cf\"><div class=\"g-cols vc_row via_grid cols_1 laptops-cols_inherit tablets-cols_inherit mobiles-cols_1 valign_top type_default stacking_default\"><div class=\"wpb_column vc_column_container\"><div class=\"vc_column-inner\">[vc_raw_html]JTVCZm9ybWluYXRvcl9mb3JtJTIwaWQlM0QlMjI0Mzc2JTIyJTVE[\/vc_raw_html]<\/div><\/div><\/div><\/div><\/section>\n\n","protected":false},"excerpt":{"rendered":"Lip Augmentation in Marbella Puerto Ban\u00fas \ud83d\udc8b Welcome to No1q Cl\u00ednica Est\u00e9tica, your trusted destination for lip augmentation in the luxurious setting of Marbella Puerto Ban\u00fas, Spain \ud83c\uddea\ud83c\uddf8. If you\u2019ve been dreaming of fuller, more defined, and youthful-looking lips, our expert team is here to help you achieve natural elegance with precision, safety, and style....","protected":false},"author":1,"featured_media":3791,"parent":1976,"menu_order":301,"comment_status":"closed","ping_status":"closed","template":"","meta":{"_acf_changed":false,"footnotes":""},"class_list":["post-3683","page","type-page","status-publish","has-post-thumbnail","hentry"],"acf":[],"_links":{"self":[{"href":"https:\/\/no1q.es\/en\/wp-json\/wp\/v2\/pages\/3683","targetHints":{"allow":["GET"]}}],"collection":[{"href":"https:\/\/no1q.es\/en\/wp-json\/wp\/v2\/pages"}],"about":[{"href":"https:\/\/no1q.es\/en\/wp-json\/wp\/v2\/types\/page"}],"author":[{"embeddable":true,"href":"https:\/\/no1q.es\/en\/wp-json\/wp\/v2\/users\/1"}],"replies":[{"embeddable":true,"href":"https:\/\/no1q.es\/en\/wp-json\/wp\/v2\/comments?post=3683"}],"version-history":[{"count":18,"href":"https:\/\/no1q.es\/en\/wp-json\/wp\/v2\/pages\/3683\/revisions"}],"predecessor-version":[{"id":5199,"href":"https:\/\/no1q.es\/en\/wp-json\/wp\/v2\/pages\/3683\/revisions\/5199"}],"up":[{"embeddable":true,"href":"https:\/\/no1q.es\/en\/wp-json\/wp\/v2\/pages\/1976"}],"wp:featuredmedia":[{"embeddable":true,"href":"https:\/\/no1q.es\/en\/wp-json\/wp\/v2\/media\/3791"}],"wp:attachment":[{"href":"https:\/\/no1q.es\/en\/wp-json\/wp\/v2\/media?parent=3683"}],"curies":[{"name":"wp","href":"https:\/\/api.w.org\/{rel}","templated":true}]}}